{"id":18583,"date":"2026-02-12T09:41:22","date_gmt":"2026-02-12T09:41:22","guid":{"rendered":"https:\/\/hk.1edo.com\/?post_type=product&#038;p=18583"},"modified":"2026-04-01T02:41:43","modified_gmt":"2026-04-01T02:41:43","slug":"ta6801-pd60w-usb-c1usb-c2-charging-for-eu","status":"publish","type":"product","link":"https:\/\/1edo.com\/ar\/producto\/ta6801-pd60w-usb-c1usb-c2-charging-for-eu\/","title":{"rendered":"TA6801-PD60W-USB-C1+USB-C2 Carga para la UE"},"content":{"rendered":"<table width=\"1080\">\n<tbody>\n<tr>\n<td width=\"192\">Modelo<\/td>\n<td width=\"888\"><span style=\"vertical-align: inherit;\"><span style=\"vertical-align: inherit;\"><span style=\"vertical-align: inherit;\"><span style=\"vertical-align: inherit;\"><span style=\"vertical-align: inherit;\"><span style=\"vertical-align: inherit;\"><span style=\"vertical-align: inherit;\">TA6801.EU<\/span><\/span><\/span><\/span><\/span><\/span><\/span><\/td>\n<\/tr>\n<tr>\n<td>Color<\/td>\n<td><span style=\"vertical-align: inherit;\"><span style=\"vertical-align: inherit;\">Rojo\/Blanco\/Verde\/Morado<\/span><\/span><\/td>\n<\/tr>\n<tr>\n<td>Fuerza<\/td>\n<td><span style=\"vertical-align: inherit;\"><span style=\"vertical-align: inherit;\"><span style=\"vertical-align: inherit;\">60,0 W<\/span><\/span><\/span><\/td>\n<\/tr>\n<tr>\n<td>Aporte<\/td>\n<td><span style=\"vertical-align: inherit;\"><span style=\"vertical-align: inherit;\"><span style=\"vertical-align: inherit;\"><span style=\"vertical-align: inherit;\"><span style=\"vertical-align: inherit;\">100V~240V 50\/60Hz 2,25A (m\u00e1x.)<\/span><\/span><\/span><\/span><\/span><\/td>\n<\/tr>\n<tr>\n<td>Producci\u00f3n<\/td>\n<td width=\"888\">(USB-C, PDO) 5,0 V\u2393 3,0 A, 9,0 V\u2393 3,0 A, 12,0 V\u2393 3,0 A, 15,0 V\u2393 3,0 A, 20,0 V\u23933,0 A (M\u00e1x. 60,0 W) (USB-C, PPS) 3,3-21,0 V\u23933,0 A (M\u00e1x. 60,0 W)<\/td>\n<\/tr>\n<tr>\n<td>Protocolo de carga r\u00e1pida<\/td>\n<td><span style=\"vertical-align: inherit;\"><span style=\"vertical-align: inherit;\">BC1.2 \/ APPLE 2.4A \/ SAMSUNG 2A QC3.0 \/ QC2.0 \/ PD3.0 \/ PD2.0 \/ AFC \/ FCP \/ SCP \/ PE2.0 \/ PE1.1 \/ SFCP<\/span><\/span><\/td>\n<\/tr>\n<tr>\n<td>Normas de seguridad<\/td>\n<td><span style=\"vertical-align: inherit;\"><span style=\"vertical-align: inherit;\"><span style=\"vertical-align: inherit;\"><span style=\"vertical-align: inherit;\"><span style=\"vertical-align: inherit;\"><span style=\"vertical-align: inherit;\"><span style=\"vertical-align: inherit;\">EN 62368-1:2014 \/ A11:2017 IEC 62368-1:2014 \/ A11:2017 UL 62368-1:2014<\/span><\/span><\/span><\/span><\/span><\/span><\/span><\/td>\n<\/tr>\n<tr>\n<td>Tama\u00f1o del producto<\/td>\n<td><span style=\"vertical-align: inherit;\"><span style=\"vertical-align: inherit;\">64,65*53*30 mm<\/span><\/span><\/td>\n<\/tr>\n<tr>\n<td>Embalaje minorista<\/td>\n<td>Caja bl\u00edster + Caja de color + Caja exterior<\/td>\n<\/tr>\n<\/tbody>\n<\/table>","protected":false},"excerpt":{"rendered":"<p><img decoding=\"async\" class=\"alignnone size-full wp-image-9312\" src=\"\/wp-content\/uploads\/product_info_imgs\/product01.png\" alt=\"\" width=\"15\" height=\"15\" \/>\u00a0 Al adoptar una soluci\u00f3n totalmente nueva y altamente integrada, logra una mayor eficiencia.<br \/>\n<img decoding=\"async\" class=\"alignnone size-full wp-image-9312\" src=\"\/wp-content\/uploads\/product_info_imgs\/product01.png\" alt=\"\" width=\"15\" height=\"15\" \/>\u00a0 Dise\u00f1o circular con un marcado sentido de la calidad y la individualidad.<br \/>\n<img decoding=\"async\" class=\"alignnone size-full wp-image-9312\" src=\"\/wp-content\/uploads\/product_info_imgs\/product01.png\" alt=\"\" width=\"15\" height=\"15\" \/>\u00a0 Cuatro capas de tecnolog\u00eda central garantizan una estricta seguridad de carga.<br \/>\n<img decoding=\"async\" class=\"alignnone size-full wp-image-9312\" src=\"\/wp-content\/uploads\/product_info_imgs\/product01.png\" alt=\"\" width=\"15\" height=\"15\" \/>\u00a0 Incorpora un dise\u00f1o de carga sin p\u00e9rdidas, pionero a nivel mundial y protegido por patente global.<br \/>\n<img decoding=\"async\" class=\"alignnone size-full wp-image-9312\" src=\"\/wp-content\/uploads\/product_info_imgs\/product01.png\" alt=\"\" width=\"15\" height=\"15\" \/>\u00a0 Exterior de silicona suave de primera calidad, respetuoso con la piel, resistente al desgaste y dise\u00f1ado para durar.<br \/>\n<img decoding=\"async\" class=\"alignnone size-full wp-image-9312\" src=\"\/wp-content\/uploads\/product_info_imgs\/product01.png\" alt=\"\" width=\"15\" height=\"15\" \/>\u00a0 Dise\u00f1o mini y port\u00e1til, con tan solo 42 mm de di\u00e1metro.<\/p>","protected":false},"featured_media":17767,"comment_status":"open","ping_status":"closed","template":"","meta":[],"product_brand":[],"product_cat":[122,121,155,554,123],"product_tag":[557],"class_list":{"0":"post-18583","1":"product","2":"type-product","3":"status-publish","4":"has-post-thumbnail","6":"product_cat-chargers","7":"product_cat-products","8":"product_cat-salet","9":"product_cat-ta6801","10":"product_cat-travel-chargers","11":"product_tag-60w","12":"pa_power-60w","14":"first","15":"instock","16":"taxable","17":"shipping-taxable","18":"purchasable","19":"product-type-variable","20":"has-default-attributes"},"_links":{"self":[{"href":"https:\/\/1edo.com\/ar\/wp-json\/wp\/v2\/product\/18583","targetHints":{"allow":["GET"]}}],"collection":[{"href":"https:\/\/1edo.com\/ar\/wp-json\/wp\/v2\/product"}],"about":[{"href":"https:\/\/1edo.com\/ar\/wp-json\/wp\/v2\/types\/product"}],"replies":[{"embeddable":true,"href":"https:\/\/1edo.com\/ar\/wp-json\/wp\/v2\/comments?post=18583"}],"version-history":[{"count":0,"href":"https:\/\/1edo.com\/ar\/wp-json\/wp\/v2\/product\/18583\/revisions"}],"wp:featuredmedia":[{"embeddable":true,"href":"https:\/\/1edo.com\/ar\/wp-json\/wp\/v2\/media\/17767"}],"wp:attachment":[{"href":"https:\/\/1edo.com\/ar\/wp-json\/wp\/v2\/media?parent=18583"}],"wp:term":[{"taxonomy":"product_brand","embeddable":true,"href":"https:\/\/1edo.com\/ar\/wp-json\/wp\/v2\/product_brand?post=18583"},{"taxonomy":"product_cat","embeddable":true,"href":"https:\/\/1edo.com\/ar\/wp-json\/wp\/v2\/product_cat?post=18583"},{"taxonomy":"product_tag","embeddable":true,"href":"https:\/\/1edo.com\/ar\/wp-json\/wp\/v2\/product_tag?post=18583"}],"curies":[{"name":"wp","href":"https:\/\/api.w.org\/{rel}","templated":true}]}}