



{"id":18474,"date":"2026-02-12T07:27:34","date_gmt":"2026-02-12T07:27:34","guid":{"rendered":"https:\/\/hk.1edo.com\/?post_type=product&#038;p=18474"},"modified":"2026-04-03T07:17:38","modified_gmt":"2026-04-03T07:17:38","slug":"ta1108-pd30w-charging-for-us","status":"publish","type":"product","link":"https:\/\/1edo.com\/ca-fr\/product\/ta1108-pd30w-charging-for-us\/","title":{"rendered":"Chargeur TA1108 PD30W pour les \u00c9tats-Unis"},"content":{"rendered":"<table width=\"1080\">\n<tbody>\n<tr>\n<td width=\"192\">Mod\u00e8le<\/td>\n<td width=\"888\"><span style=\"vertical-align: inherit;\"><span style=\"vertical-align: inherit;\"><span style=\"vertical-align: inherit;\"><span style=\"vertical-align: inherit;\"><span style=\"vertical-align: inherit;\"><span style=\"vertical-align: inherit;\"><span style=\"vertical-align: inherit;\">TA1108.US<\/span><\/span><\/span><\/span><\/span><\/span><\/span><\/td>\n<\/tr>\n<tr>\n<td>Couleur<\/td>\n<td><span style=\"vertical-align: inherit;\"><span style=\"vertical-align: inherit;\">Blanc<\/span><\/span><\/td>\n<\/tr>\n<tr>\n<td>Pouvoir<\/td>\n<td><span style=\"vertical-align: inherit;\"><span style=\"vertical-align: inherit;\"><span style=\"vertical-align: inherit;\">30,0 W<\/span><\/span><\/span><\/td>\n<\/tr>\n<tr>\n<td>Saisir<\/td>\n<td><span style=\"vertical-align: inherit;\"><span style=\"vertical-align: inherit;\"><span style=\"vertical-align: inherit;\"><span style=\"vertical-align: inherit;\"><span style=\"vertical-align: inherit;\">100 V~240 V 50\/60 Hz 1,0 A (max.)<\/span><\/span><\/span><\/span><\/span><\/td>\n<\/tr>\n<tr>\n<td>Sortir<\/td>\n<td width=\"888\">5,0 V \u2393 3,0 A, 9,0 V \u2393 3,0 A, 15,0 V \u2393 2,0 A, 20,0 V \u2393 1,5 A (30,0 W max.)<\/td>\n<\/tr>\n<tr>\n<td>Protocole de charge rapide<\/td>\n<td><span style=\"vertical-align: inherit;\"><span style=\"vertical-align: inherit;\">BC1.2 \/ APPLE 2.4A \/ SAMSUNG 2A QC3.0 \/ QC2.0 \/ PD3.0 \/ PD2.0 \/ AFC \/ FCP \/ SCP \/ PE2.0 \/ PE1.1 \/ SFCP<\/span><\/span><\/td>\n<\/tr>\n<tr>\n<td>normes de s\u00e9curit\u00e9<\/td>\n<td><span style=\"vertical-align: inherit;\"><span style=\"vertical-align: inherit;\"><span style=\"vertical-align: inherit;\"><span style=\"vertical-align: inherit;\"><span style=\"vertical-align: inherit;\"><span style=\"vertical-align: inherit;\"><span style=\"vertical-align: inherit;\">EN 62368-1:2014 \/ A11:2017 CEI 62368-1:2014 \/ A11:2017 UL 62368-1:2014<\/span><\/span><\/span><\/span><\/span><\/span><\/span><\/td>\n<\/tr>\n<tr>\n<td>Taille du produit<\/td>\n<td><span style=\"vertical-align: inherit;\"><span style=\"vertical-align: inherit;\">73,95*38*22,3 mm<\/span><\/span><\/td>\n<\/tr>\n<tr>\n<td>Emballage de vente au d\u00e9tail<\/td>\n<td>Bo\u00eete blister + Bo\u00eete couleur + Carton ext\u00e9rieur<\/td>\n<\/tr>\n<\/tbody>\n<\/table>","protected":false},"excerpt":{"rendered":"<p><img decoding=\"async\" class=\"alignnone size-full wp-image-9312\" src=\"\/wp-content\/uploads\/product_info_imgs\/product01.png\" alt=\"\" width=\"15\" height=\"15\" \/>\u00a0 Port de charge rapide USB-C.<br \/>\n<img decoding=\"async\" class=\"alignnone size-full wp-image-9312\" src=\"\/wp-content\/uploads\/product_info_imgs\/product01.png\" alt=\"\" width=\"15\" height=\"15\" \/>\u00a0 Compact et portable.<br \/>\n<img decoding=\"async\" class=\"alignnone size-full wp-image-9312\" src=\"\/wp-content\/uploads\/product_info_imgs\/product01.png\" alt=\"\" width=\"15\" height=\"15\" \/>\u00a0 Technologie des puces intelligentes.<br \/>\n<img decoding=\"async\" class=\"alignnone size-full wp-image-9312\" src=\"\/wp-content\/uploads\/product_info_imgs\/product01.png\" alt=\"\" width=\"15\" height=\"15\" \/>\u00a0 Conception ergonomique et peu encombrante.<br \/>\n<img decoding=\"async\" class=\"alignnone size-full wp-image-9312\" src=\"\/wp-content\/uploads\/product_info_imgs\/product01.png\" alt=\"\" width=\"15\" height=\"15\" \/>\u00a0 Mat\u00e9riaux certifi\u00e9s de qualit\u00e9 sup\u00e9rieure.<br \/>\n<img decoding=\"async\" class=\"alignnone size-full wp-image-9312\" src=\"\/wp-content\/uploads\/product_info_imgs\/product01.png\" alt=\"\" width=\"15\" height=\"15\" \/>\u00a0 Large compatibilit\u00e9.<\/p>","protected":false},"featured_media":17770,"comment_status":"open","ping_status":"closed","template":"","meta":{"_acf_changed":false},"product_brand":[],"product_cat":[122,155,123,121,551],"product_tag":[220],"class_list":{"0":"post-18474","1":"product","2":"type-product","3":"status-publish","4":"has-post-thumbnail","6":"product_cat-chargers","7":"product_cat-salet","8":"product_cat-travel-chargers","9":"product_cat-products","10":"product_cat-ta1108","11":"product_tag-30w","12":"pa_power-30w","14":"first","15":"instock","16":"taxable","17":"shipping-taxable","18":"purchasable","19":"product-type-variable","20":"has-default-attributes","21":"wvs-archive-product-wrapper"},"acf":[],"yoast_head":"<!-- This site is optimized with the Yoast SEO plugin v26.7 - https:\/\/yoast.com\/wordpress\/plugins\/seo\/ -->\n<title>TA1108 PD30W Charging For US - 1edo mall<\/title>\n<meta name=\"description\" content=\"TA3803\" \/>\n<meta name=\"robots\" content=\"index, follow, max-snippet:-1, max-image-preview:large, max-video-preview:-1\" \/>\n<link rel=\"canonical\" href=\"https:\/\/hk.1edo.com\/product\/ta1108-pd30w-charging-for-us\/\" \/>\n<meta property=\"og:locale\" content=\"fr_CA\" \/>\n<meta property=\"og:type\" content=\"article\" \/>\n<meta property=\"og:title\" content=\"TA1108 PD30W Charging For US - 1edo mall\" \/>\n<meta property=\"og:description\" content=\"TA3803\" \/>\n<meta property=\"og:url\" content=\"https:\/\/hk.1edo.com\/product\/ta1108-pd30w-charging-for-us\/\" \/>\n<meta property=\"og:site_name\" content=\"1edo mall\" \/>\n<meta property=\"article:modified_time\" content=\"2026-04-03T07:17:38+00:00\" \/>\n<meta property=\"og:image\" content=\"https:\/\/hk.1edo.com\/wp-content\/uploads\/2026\/02\/TA1108-PD30W-US-White.webp\" \/>\n\t<meta property=\"og:image:width\" content=\"1000\" \/>\n\t<meta property=\"og:image:height\" content=\"1000\" \/>\n\t<meta property=\"og:image:type\" content=\"image\/webp\" \/>\n<meta name=\"twitter:card\" content=\"summary_large_image\" \/>\n<script type=\"application\/ld+json\" class=\"yoast-schema-graph\">{\"@context\":\"https:\/\/schema.org\",\"@graph\":[{\"@type\":\"WebPage\",\"@id\":\"https:\/\/hk.1edo.com\/product\/ta1108-pd30w-charging-for-us\/\",\"url\":\"https:\/\/hk.1edo.com\/product\/ta1108-pd30w-charging-for-us\/\",\"name\":\"TA1108 PD30W Charging For US - 1edo mall\",\"isPartOf\":{\"@id\":\"https:\/\/www.1edo.com\/#website\"},\"primaryImageOfPage\":{\"@id\":\"https:\/\/hk.1edo.com\/product\/ta1108-pd30w-charging-for-us\/#primaryimage\"},\"image\":{\"@id\":\"https:\/\/hk.1edo.com\/product\/ta1108-pd30w-charging-for-us\/#primaryimage\"},\"thumbnailUrl\":\"https:\/\/1edo.com\/wp-content\/uploads\/2026\/02\/TA1108-PD30W-US-White.webp\",\"datePublished\":\"2026-02-12T07:27:34+00:00\",\"dateModified\":\"2026-04-03T07:17:38+00:00\",\"description\":\"TA3803\",\"breadcrumb\":{\"@id\":\"https:\/\/hk.1edo.com\/product\/ta1108-pd30w-charging-for-us\/#breadcrumb\"},\"inLanguage\":\"fr-CA\",\"potentialAction\":[{\"@type\":\"ReadAction\",\"target\":[\"https:\/\/hk.1edo.com\/product\/ta1108-pd30w-charging-for-us\/\"]}]},{\"@type\":\"ImageObject\",\"inLanguage\":\"fr-CA\",\"@id\":\"https:\/\/hk.1edo.com\/product\/ta1108-pd30w-charging-for-us\/#primaryimage\",\"url\":\"https:\/\/1edo.com\/wp-content\/uploads\/2026\/02\/TA1108-PD30W-US-White.webp\",\"contentUrl\":\"https:\/\/1edo.com\/wp-content\/uploads\/2026\/02\/TA1108-PD30W-US-White.webp\",\"width\":1000,\"height\":1000},{\"@type\":\"BreadcrumbList\",\"@id\":\"https:\/\/hk.1edo.com\/product\/ta1108-pd30w-charging-for-us\/#breadcrumb\",\"itemListElement\":[{\"@type\":\"ListItem\",\"position\":1,\"name\":\"Produkte\",\"item\":\"https:\/\/1edo.com\/de\/shop\/\"},{\"@type\":\"ListItem\",\"position\":2,\"name\":\"TA1108 PD30W Charging For US\"}]},{\"@type\":\"WebSite\",\"@id\":\"https:\/\/www.1edo.com\/#website\",\"url\":\"https:\/\/www.1edo.com\/\",\"name\":\"1edo mall\",\"description\":\"1edo mall\",\"potentialAction\":[{\"@type\":\"SearchAction\",\"target\":{\"@type\":\"EntryPoint\",\"urlTemplate\":\"https:\/\/www.1edo.com\/?s={search_term_string}\"},\"query-input\":{\"@type\":\"PropertyValueSpecification\",\"valueRequired\":true,\"valueName\":\"search_term_string\"}}],\"inLanguage\":\"fr-CA\"}]}<\/script>\n<!-- \/ Yoast SEO plugin. -->","yoast_head_json":{"title":"TA1108 PD30W Charging For US - 1edo mall","description":"TA3803","robots":{"index":"index","follow":"follow","max-snippet":"max-snippet:-1","max-image-preview":"max-image-preview:large","max-video-preview":"max-video-preview:-1"},"canonical":"https:\/\/hk.1edo.com\/product\/ta1108-pd30w-charging-for-us\/","og_locale":"fr_CA","og_type":"article","og_title":"TA1108 PD30W Charging For US - 1edo mall","og_description":"TA3803","og_url":"https:\/\/hk.1edo.com\/product\/ta1108-pd30w-charging-for-us\/","og_site_name":"1edo mall","article_modified_time":"2026-04-03T07:17:38+00:00","og_image":[{"width":1000,"height":1000,"url":"https:\/\/hk.1edo.com\/wp-content\/uploads\/2026\/02\/TA1108-PD30W-US-White.webp","type":"image\/webp"}],"twitter_card":"summary_large_image","schema":{"@context":"https:\/\/schema.org","@graph":[{"@type":"WebPage","@id":"https:\/\/hk.1edo.com\/product\/ta1108-pd30w-charging-for-us\/","url":"https:\/\/hk.1edo.com\/product\/ta1108-pd30w-charging-for-us\/","name":"TA1108 PD30W Charging For US - 1edo mall","isPartOf":{"@id":"https:\/\/www.1edo.com\/#website"},"primaryImageOfPage":{"@id":"https:\/\/hk.1edo.com\/product\/ta1108-pd30w-charging-for-us\/#primaryimage"},"image":{"@id":"https:\/\/hk.1edo.com\/product\/ta1108-pd30w-charging-for-us\/#primaryimage"},"thumbnailUrl":"https:\/\/1edo.com\/wp-content\/uploads\/2026\/02\/TA1108-PD30W-US-White.webp","datePublished":"2026-02-12T07:27:34+00:00","dateModified":"2026-04-03T07:17:38+00:00","description":"TA3803","breadcrumb":{"@id":"https:\/\/hk.1edo.com\/product\/ta1108-pd30w-charging-for-us\/#breadcrumb"},"inLanguage":"fr-CA","potentialAction":[{"@type":"ReadAction","target":["https:\/\/hk.1edo.com\/product\/ta1108-pd30w-charging-for-us\/"]}]},{"@type":"ImageObject","inLanguage":"fr-CA","@id":"https:\/\/hk.1edo.com\/product\/ta1108-pd30w-charging-for-us\/#primaryimage","url":"https:\/\/1edo.com\/wp-content\/uploads\/2026\/02\/TA1108-PD30W-US-White.webp","contentUrl":"https:\/\/1edo.com\/wp-content\/uploads\/2026\/02\/TA1108-PD30W-US-White.webp","width":1000,"height":1000},{"@type":"BreadcrumbList","@id":"https:\/\/hk.1edo.com\/product\/ta1108-pd30w-charging-for-us\/#breadcrumb","itemListElement":[{"@type":"ListItem","position":1,"name":"Produkte","item":"https:\/\/1edo.com\/de\/shop\/"},{"@type":"ListItem","position":2,"name":"TA1108 PD30W Charging For US"}]},{"@type":"WebSite","@id":"https:\/\/www.1edo.com\/#website","url":"https:\/\/www.1edo.com\/","name":"1edo mall","description":"1edo mall","potentialAction":[{"@type":"SearchAction","target":{"@type":"EntryPoint","urlTemplate":"https:\/\/www.1edo.com\/?s={search_term_string}"},"query-input":{"@type":"PropertyValueSpecification","valueRequired":true,"valueName":"search_term_string"}}],"inLanguage":"fr-CA"}]}},"_links":{"self":[{"href":"https:\/\/1edo.com\/ca-fr\/wp-json\/wp\/v2\/product\/18474","targetHints":{"allow":["GET"]}}],"collection":[{"href":"https:\/\/1edo.com\/ca-fr\/wp-json\/wp\/v2\/product"}],"about":[{"href":"https:\/\/1edo.com\/ca-fr\/wp-json\/wp\/v2\/types\/product"}],"replies":[{"embeddable":true,"href":"https:\/\/1edo.com\/ca-fr\/wp-json\/wp\/v2\/comments?post=18474"}],"version-history":[{"count":0,"href":"https:\/\/1edo.com\/ca-fr\/wp-json\/wp\/v2\/product\/18474\/revisions"}],"wp:featuredmedia":[{"embeddable":true,"href":"https:\/\/1edo.com\/ca-fr\/wp-json\/wp\/v2\/media\/17770"}],"wp:attachment":[{"href":"https:\/\/1edo.com\/ca-fr\/wp-json\/wp\/v2\/media?parent=18474"}],"wp:term":[{"taxonomy":"product_brand","embeddable":true,"href":"https:\/\/1edo.com\/ca-fr\/wp-json\/wp\/v2\/product_brand?post=18474"},{"taxonomy":"product_cat","embeddable":true,"href":"https:\/\/1edo.com\/ca-fr\/wp-json\/wp\/v2\/product_cat?post=18474"},{"taxonomy":"product_tag","embeddable":true,"href":"https:\/\/1edo.com\/ca-fr\/wp-json\/wp\/v2\/product_tag?post=18474"}],"curies":[{"name":"wp","href":"https:\/\/api.w.org\/{rel}","templated":true}]}}