



{"id":2928,"date":"2023-11-01T01:39:50","date_gmt":"2023-11-01T01:39:50","guid":{"rendered":"https:\/\/www.1edo.com\/log-in\/"},"modified":"2026-03-06T05:54:56","modified_gmt":"2026-03-06T05:54:56","slug":"prihlasit-se","status":"publish","type":"page","link":"https:\/\/1edo.com\/cz\/log-in\/","title":{"rendered":"P\u0159ihl\u00e1sit se"},"content":{"rendered":"<div data-elementor-type=\"wp-page\" data-elementor-id=\"2928\" class=\"elementor elementor-2928\" data-elementor-post-type=\"page\">\n\t\t\t\t<div class=\"elementor-element elementor-element-e507d7f e-flex e-con-boxed e-con e-parent\" data-id=\"e507d7f\" data-element_type=\"container\" data-settings=\"{&quot;ekit_has_onepagescroll_dot&quot;:&quot;yes&quot;}\">\n\t\t\t\t\t<div class=\"e-con-inner\">\n\t\t<div class=\"elementor-element elementor-element-0e41f58 e-flex e-con-boxed e-con e-child\" data-id=\"0e41f58\" data-element_type=\"container\" data-settings=\"{&quot;ekit_has_onepagescroll_dot&quot;:&quot;yes&quot;}\">\n\t\t\t\t\t<div class=\"e-con-inner\">\n\t\t<div class=\"elementor-element elementor-element-c86e594 e-con-full e-flex e-con e-child\" data-id=\"c86e594\" data-element_type=\"container\" data-settings=\"{&quot;background_background&quot;:&quot;classic&quot;,&quot;ekit_has_onepagescroll_dot&quot;:&quot;yes&quot;}\">\n\t\t\t\t<\/div>\n\t\t\t\t<div class=\"elementor-element elementor-element-5400852 elementor-widget elementor-widget-heading\" data-id=\"5400852\" data-element_type=\"widget\" data-settings=\"{&quot;ekit_we_effect_on&quot;:&quot;none&quot;}\" data-widget_type=\"heading.default\">\n\t\t\t\t<div class=\"elementor-widget-container\">\n\t\t\t\t\t<h1 class=\"elementor-heading-title elementor-size-default\">P\u0159ihlaste se pomoc\u00ed sv\u00e9ho 1edo ID.<\/h1>\t\t\t\t<\/div>\n\t\t\t\t<\/div>\n\t\t\t\t\t<\/div>\n\t\t\t\t<\/div>\n\t\t\t\t\t<\/div>\n\t\t\t\t<\/div>\n\t\t<div class=\"elementor-element elementor-element-34b3c7b e-flex e-con-boxed e-con e-parent\" data-id=\"34b3c7b\" data-element_type=\"container\" data-settings=\"{&quot;ekit_has_onepagescroll_dot&quot;:&quot;yes&quot;}\">\n\t\t\t\t\t<div class=\"e-con-inner\">\n\t\t<div class=\"elementor-element elementor-element-64700bb e-flex e-con-boxed e-con e-child\" data-id=\"64700bb\" data-element_type=\"container\" data-settings=\"{&quot;ekit_has_onepagescroll_dot&quot;:&quot;yes&quot;}\">\n\t\t\t\t\t<div class=\"e-con-inner\">\n\t\t<div class=\"elementor-element elementor-element-822862d e-flex e-con-boxed e-con e-child\" data-id=\"822862d\" data-element_type=\"container\" data-settings=\"{&quot;ekit_has_onepagescroll_dot&quot;:&quot;yes&quot;}\">\n\t\t\t\t\t<div class=\"e-con-inner\">\n\t\t\t\t<div class=\"elementor-element elementor-element-1ee639f elementor-widget elementor-widget-text-editor\" data-id=\"1ee639f\" data-element_type=\"widget\" data-settings=\"{&quot;ekit_we_effect_on&quot;:&quot;none&quot;}\" data-widget_type=\"text-editor.default\">\n\t\t\t\t<div class=\"elementor-widget-container\">\n\t\t\t\t\t\t\t\t\t<p><div id=\"wppb-form-style-1-wrapper\" class=\"wppb-user-login-form\"><div id=\"wppb-login-wrap\" class=\"wppb-user-forms\">\n\t\t<form name=\"wppb-loginform\" id=\"wppb-loginform\" class=\"\" action=\"https:\/\/1edo.com\/cz\/wp-json\/wp\/v2\/pages\/2928\" method=\"post\" data-trp-original-action=\"https:\/\/1edo.com\/cz\/wp-json\/wp\/v2\/pages\/2928\">\n\t\t\t\n\t\t\t<p class=\"wppb-form-field login-username wppb-form-text-field label-outside\">\n\t\t\t\t<label for=\"wppb_user_login\">Username or Email<\/label>\n\t\t\t\t<input type=\"text\" name=\"log\" id=\"wppb_user_login\" class=\"input\" value=\"\" size=\"20\" \/>\n\t\t\t<\/p>\n\t\t\t<p class=\"wppb-form-field login-password wppb-form-text-field label-outside\">\n\t\t\t\t<label for=\"wppb_user_pass\">Password<\/label>\n\t\t\t\t<span class=\"wppb-password-field-container\">\n\t\t\t\t    <input type=\"password\" name=\"pwd\" id=\"wppb_user_pass\" class=\"input\" value=\"\" size=\"20\" \/>\n\t\t\t\t     <!-- add the HTML for the visibility toggle -->\n\t\t\t\t<\/span>\n            <\/p>\n\t\t\t\n\t\t\t\n\t\t\t<p class=\"wppb-form-field login-remember\"><input name=\"rememberme\" type=\"checkbox\" id=\"rememberme\" value=\"forever\" \/><label for=\"rememberme\">Remember Me<\/label><\/p>\n\t\t\t<p class=\"login-submit\">\n\t\t\t     <span style=\"display:block;margin-bottom:20px;\">  Tato str\u00e1nka je chr\u00e1n\u011bna slu\u017ebou Coptcha a jej\u00edmi <a href=\"\/privacy-policy\">Z\u00e1sady ochrany osobn\u00edch \u00fadaj\u016f.<\/a>    a plat\u00ed Podm\u00ednky slu\u017eby. <\/span>\n\t\t\t\t<input type=\"submit\" name=\"wp-submit\" id=\"wppb-submit\" class=\"button button-primary\" value=\"P\u0159ihl\u00e1sit se\"\" \/>\n\t\t\t\t<input type=\"hidden\" name=\"redirect_to\" value=\"\/member-center\" \/>\n\t\t\t<\/p>\n\t\t\t<input type=\"hidden\" name=\"wppb_login\" value=\"true\"\/>\n\t\t\t<input type=\"hidden\" name=\"wppb_form_location\" value=\"widget\"\/>\n\t\t\t<input type=\"hidden\" name=\"wppb_request_url\" value=\"https:\/\/1edo.com\/cz\/wp-json\/wp\/v2\/pages\/2928\"\/>\n\t\t\t<input type=\"hidden\" name=\"wppb_lostpassword_url\" value=\"\"\/>\n\t\t\t<input type=\"hidden\" name=\"wppb_redirect_priority\" value=\"normal\"\/>\n\t\t\t<input type=\"hidden\" name=\"wppb_referer_url\" value=\"\"\/>\n\t\t\t<input type=\"hidden\" id=\"CSRFToken-wppb\" name=\"CSRFToken-wppb\" value=\"5af8775383\" \/><input type=\"hidden\" name=\"_wp_http_referer\" value=\"\/cz\/wp-json\/wp\/v2\/pages\/2928\" \/>\n\t\t\t<input type=\"hidden\" name=\"wppb_redirect_check\" value=\"true\"\/>\n\t\t\t\n\t\t<input type=\"hidden\" name=\"trp-form-language\" value=\"cz\"\/><\/form><\/div><\/div><\/p>\t\t\t\t\t\t\t\t<\/div>\n\t\t\t\t<\/div>\n\t\t\t\t<div class=\"elementor-element elementor-element-b84ba64 elementor-widget__width-initial elementor-widget elementor-widget-shortcode\" data-id=\"b84ba64\" data-element_type=\"widget\" data-settings=\"{&quot;ekit_we_effect_on&quot;:&quot;none&quot;}\" data-widget_type=\"shortcode.default\">\n\t\t\t\t<div class=\"elementor-widget-container\">\n\t\t\t\t\t\t\t<div class=\"elementor-shortcode\"><div><\/div>   \r\n <style type=\"text\/css\"> \r\n     .slider{ width:340px;padding:10px 20px;height: 55px;margin-top: 40px auto;position: relative;cursor: pointer;}\r\n     #slider_pic{ width: 140px;margin:0 auto;overflow: hidden;height: 55px;position: relative;}  \/* width:210px*\/\r\n     .prev,.next{position: absolute;width: 20px;height: 20px;cursor: pointer;top:25px;text-align: center;line-height: 20px;font-weight: bold;color: #000;}\r\n     .next{right: 20px;}\r\n     .no_click{background-color: #fff;}\r\n     #slider_pic li{float: left;margin-right: 25px;}\r\n     #slider_pic ul{position: absolute;left: 0;}\r\n <\/style>\r\n\r\n <script src=\"\/wp-content\/uploads\/product_info_imgs\/jquery-3.2.1.min.js\"><\/script>\r\n     <script type=\"text\/javascript\">\r\n         $(function(){\r\n             var oPic=$('#slider_pic').find('ul');\r\n             var oImg=oPic.find('li');\r\n             var oLen=oImg.length;\r\n             var oLi=oImg.width();\r\n             var prev=$(\"#prev\");\r\n             var next=$(\"#next\");\r\n             oPic.width(oLen*70);   \/\/\u8ba1\u7b97\u603b\u957f\u5ea6\r\n             var iNow=0;\r\n             var iTimer=null;\r\n             prev.click(function(){\r\n                  if(iNow>0){ \r\n                   iNow--;\r\n                  }\r\n                 ClickScroll();\r\n             })\r\n             next.click(function(){\r\n                 if(iNow<oLen-3){\r\n                     iNow++\r\n                 }\r\n                 ClickScroll();\r\n             })\r\n\r\n             function ClickScroll(){\r\n                 iNow==0? prev.addClass('no_click'): prev.removeClass('no_click');\r\n                 iNow==oLen-3?next.addClass(\"no_click\"):next.removeClass(\"no_click\");\r\n                 oPic.animate({left:-iNow*70})\r\n             }\r\n         }) \r\n     <\/script>\r\n\r\n     <div class=\"slider\">\r\n         <span class=\"prev no_click\" id=\"prev\"><<\/span>\r\n         <span class=\"next\" id=\"next\"> > <\/span>\r\n       <div id=\"slider_pic\">\r\n         <ul>\r\n             <li>\r\n<a href=\"https:\/\/www.1edo.com\/wp-login.php?loginSocial=google\" data-plugin=\"nsl\" data-action=\"connect\" data-redirect=\"current\" data-provider=\"google\" data-popupwidth=\"600\" data-popupheight=\"600\">\t<img decoding=\"async\" src=\"\/wp-content\/uploads\/product_info_imgs\/google.svg\" alt=\"gogole\" width=\"45\" height=\"45\" \/>\r\n          <\/a>\r\n          <\/li>\r\n         <li style=\"display:none;\">\r\n      <a href=\"https:\/\/www.1edo.com\/wp-login.php?loginSocial=linkedin\" data-plugin=\"nsl\" data-action=\"connect\" data-redirect=\"current\" data-provider=\"linkedin\" data-popupwidth=\"600\" data-popupheight=\"679\">\r\n\t<img decoding=\"async\" src=\"\/wp-content\/uploads\/product_info_imgs\/linkedin.svg\" alt=\"LinkedIn\" width=\"45\" height=\"45\" \/>\r\n           <\/a>\r\n           <\/li>         \r\n   \r\n          <\/ul>\r\n       <\/div>\r\n    <\/div><\/div>\n\t\t\t\t\t\t<\/div>\n\t\t\t\t<\/div>\n\t\t\t\t<div class=\"elementor-element elementor-element-2ea362c elementor-widget elementor-widget-heading\" data-id=\"2ea362c\" data-element_type=\"widget\" data-settings=\"{&quot;ekit_we_effect_on&quot;:&quot;none&quot;}\" data-widget_type=\"heading.default\">\n\t\t\t\t<div class=\"elementor-widget-container\">\n\t\t\t\t\t<h5 class=\"elementor-heading-title elementor-size-default\"><a href=\"\/register\" target=\"_blank\">VYTVO\u0158IT SI \u00da\u010cET<\/a><\/h5>\t\t\t\t<\/div>\n\t\t\t\t<\/div>\n\t\t\t\t<div class=\"elementor-element elementor-element-3bf8c84 elementor-widget elementor-widget-heading\" data-id=\"3bf8c84\" data-element_type=\"widget\" data-settings=\"{&quot;ekit_we_effect_on&quot;:&quot;none&quot;}\" data-widget_type=\"heading.default\">\n\t\t\t\t<div class=\"elementor-widget-container\">\n\t\t\t\t\t<h5 class=\"elementor-heading-title elementor-size-default\"><a href=\"\/about-1edo-id\" target=\"_blank\">O LOGI ID<\/a><\/h5>\t\t\t\t<\/div>\n\t\t\t\t<\/div>\n\t\t\t\t\t<\/div>\n\t\t\t\t<\/div>\n\t\t\t\t\t<\/div>\n\t\t\t\t<\/div>\n\t\t\t\t\t<\/div>\n\t\t\t\t<\/div>\n\t\t<div class=\"elementor-element elementor-element-e69a6ec e-flex e-con-boxed e-con e-parent\" data-id=\"e69a6ec\" data-element_type=\"container\" data-settings=\"{&quot;ekit_has_onepagescroll_dot&quot;:&quot;yes&quot;}\">\n\t\t\t\t\t<div class=\"e-con-inner\">\n\t\t\t\t\t<\/div>\n\t\t\t\t<\/div>\n\t\t\t\t<\/div>","protected":false},"excerpt":{"rendered":"<p>Log in with your 1edo ID. CREATE AN ACCOUNT ABOUT LOGI ID<\/p>","protected":false},"author":3,"featured_media":0,"parent":0,"menu_order":44,"comment_status":"closed","ping_status":"closed","template":"","meta":{"_acf_changed":false,"footnotes":""},"class_list":["post-2928","page","type-page","status-publish","hentry"],"acf":[],"yoast_head":"<!-- This site is optimized with the Yoast SEO plugin v26.7 - https:\/\/yoast.com\/wordpress\/plugins\/seo\/ -->\n<title>Log In - 1edo mall<\/title>\n<meta name=\"description\" content=\"Log in with 1edo account, enter username and password, email and other information\" \/>\n<meta name=\"robots\" content=\"index, follow, max-snippet:-1, max-image-preview:large, max-video-preview:-1\" \/>\n<link rel=\"canonical\" href=\"https:\/\/www.1edo.com\/it\/login\/\" \/>\n<meta property=\"og:locale\" content=\"cs_CZ\" \/>\n<meta property=\"og:type\" content=\"article\" \/>\n<meta property=\"og:title\" content=\"Log In - 1edo mall\" \/>\n<meta property=\"og:description\" content=\"Log in with 1edo account, enter username and password, email and other information\" \/>\n<meta property=\"og:url\" content=\"https:\/\/www.1edo.com\/it\/login\/\" \/>\n<meta property=\"og:site_name\" content=\"1edo mall\" \/>\n<meta property=\"article:modified_time\" content=\"2026-03-06T05:54:56+00:00\" \/>\n<meta name=\"twitter:card\" content=\"summary_large_image\" \/>\n<meta name=\"twitter:label1\" content=\"Odhadovan\u00e1 doba \u010dten\u00ed\" \/>\n\t<meta name=\"twitter:data1\" content=\"1 minuta\" \/>\n<script type=\"application\/ld+json\" class=\"yoast-schema-graph\">{\"@context\":\"https:\/\/schema.org\",\"@graph\":[{\"@type\":\"WebPage\",\"@id\":\"https:\/\/www.1edo.com\/it\/login\/\",\"url\":\"https:\/\/www.1edo.com\/it\/login\/\",\"name\":\"Log In - 1edo mall\",\"isPartOf\":{\"@id\":\"https:\/\/www.1edo.com\/fr-ch\/#website\"},\"datePublished\":\"2023-11-01T01:39:50+00:00\",\"dateModified\":\"2026-03-06T05:54:56+00:00\",\"description\":\"Log in with 1edo account, enter username and password, email and other information\",\"inLanguage\":\"cs\",\"potentialAction\":[{\"@type\":\"ReadAction\",\"target\":[\"https:\/\/www.1edo.com\/it\/login\/\"]}]},{\"@type\":\"WebSite\",\"@id\":\"https:\/\/www.1edo.com\/fr-ch\/#website\",\"url\":\"https:\/\/www.1edo.com\/fr-ch\/\",\"name\":\"1edo mall\",\"description\":\"1edo mall\",\"potentialAction\":[{\"@type\":\"SearchAction\",\"target\":{\"@type\":\"EntryPoint\",\"urlTemplate\":\"https:\/\/www.1edo.com\/fr-ch\/?s={search_term_string}\"},\"query-input\":{\"@type\":\"PropertyValueSpecification\",\"valueRequired\":true,\"valueName\":\"search_term_string\"}}],\"inLanguage\":\"cs\"}]}<\/script>\n<!-- \/ Yoast SEO plugin. -->","yoast_head_json":{"title":"P\u0159ihl\u00e1sit se - 1edo mall","description":"P\u0159ihlaste se pomoc\u00ed \u00fa\u010dtu 1edo, zadejte u\u017eivatelsk\u00e9 jm\u00e9no a heslo, e-mail a dal\u0161\u00ed informace","robots":{"index":"index","follow":"follow","max-snippet":"max-snippet:-1","max-image-preview":"max-image-preview:large","max-video-preview":"max-video-preview:-1"},"canonical":"https:\/\/www.1edo.com\/it\/login\/","og_locale":"cs_CZ","og_type":"article","og_title":"Log In - 1edo mall","og_description":"Log in with 1edo account, enter username and password, email and other information","og_url":"https:\/\/www.1edo.com\/it\/login\/","og_site_name":"1edo mall","article_modified_time":"2026-03-06T05:54:56+00:00","twitter_card":"summary_large_image","twitter_misc":{"Odhadovan\u00e1 doba \u010dten\u00ed":"1 minuta"},"schema":{"@context":"https:\/\/schema.org","@graph":[{"@type":"WebPage","@id":"https:\/\/www.1edo.com\/it\/login\/","url":"https:\/\/www.1edo.com\/it\/login\/","name":"P\u0159ihl\u00e1sit se - 1edo mall","isPartOf":{"@id":"https:\/\/www.1edo.com\/fr-ch\/#website"},"datePublished":"2023-11-01T01:39:50+00:00","dateModified":"2026-03-06T05:54:56+00:00","description":"P\u0159ihlaste se pomoc\u00ed \u00fa\u010dtu 1edo, zadejte u\u017eivatelsk\u00e9 jm\u00e9no a heslo, e-mail a dal\u0161\u00ed informace","inLanguage":"cs","potentialAction":[{"@type":"ReadAction","target":["https:\/\/www.1edo.com\/it\/login\/"]}]},{"@type":"WebSite","@id":"https:\/\/www.1edo.com\/fr-ch\/#website","url":"https:\/\/www.1edo.com\/fr-ch\/","name":"N\u00e1kupn\u00ed centrum 1edo","description":"N\u00e1kupn\u00ed centrum 1edo","potentialAction":[{"@type":"SearchAction","target":{"@type":"EntryPoint","urlTemplate":"https:\/\/www.1edo.com\/fr-ch\/?s={search_term_string}"},"query-input":{"@type":"PropertyValueSpecification","valueRequired":true,"valueName":"search_term_string"}}],"inLanguage":"cs"}]}},"_links":{"self":[{"href":"https:\/\/1edo.com\/cz\/wp-json\/wp\/v2\/pages\/2928","targetHints":{"allow":["GET"]}}],"collection":[{"href":"https:\/\/1edo.com\/cz\/wp-json\/wp\/v2\/pages"}],"about":[{"href":"https:\/\/1edo.com\/cz\/wp-json\/wp\/v2\/types\/page"}],"author":[{"embeddable":true,"href":"https:\/\/1edo.com\/cz\/wp-json\/wp\/v2\/users\/3"}],"replies":[{"embeddable":true,"href":"https:\/\/1edo.com\/cz\/wp-json\/wp\/v2\/comments?post=2928"}],"version-history":[{"count":0,"href":"https:\/\/1edo.com\/cz\/wp-json\/wp\/v2\/pages\/2928\/revisions"}],"wp:attachment":[{"href":"https:\/\/1edo.com\/cz\/wp-json\/wp\/v2\/media?parent=2928"}],"curies":[{"name":"wp","href":"https:\/\/api.w.org\/{rel}","templated":true}]}}