



{"id":16701,"date":"2026-01-24T11:08:35","date_gmt":"2026-01-24T11:08:35","guid":{"rendered":"https:\/\/hkk.1edo.com\/?post_type=product&#038;p=16701"},"modified":"2026-04-01T03:10:15","modified_gmt":"2026-04-01T03:10:15","slug":"ta3803-pd20w-magnetic-to-lightning-charging-set-for-kr","status":"publish","type":"product","link":"https:\/\/1edo.com\/es\/product\/ta3803-pd20w-magnetic-to-lightning-charging-set-for-kr\/","title":{"rendered":"Kit de carga magn\u00e9tica a Lightning TA3803-PD20W para KR"},"content":{"rendered":"<table width=\"1080\">\n<tbody>\n<tr>\n<td width=\"192\">Modelo<\/td>\n<td width=\"888\"><span style=\"vertical-align: inherit;\"><span style=\"vertical-align: inherit;\"><span style=\"vertical-align: inherit;\"><span style=\"vertical-align: inherit;\"><span style=\"vertical-align: inherit;\"><span style=\"vertical-align: inherit;\"><span style=\"vertical-align: inherit;\">TA3803.KR<\/span><\/span><\/span><\/span><\/span><\/span><\/span><\/td>\n<\/tr>\n<tr>\n<td>Color<\/td>\n<td><span style=\"vertical-align: inherit;\"><span style=\"vertical-align: inherit;\">Rojo\/Blanco\/Verde\/Morado<\/span><\/span><\/td>\n<\/tr>\n<tr>\n<td>Fuerza<\/td>\n<td><span style=\"vertical-align: inherit;\"><span style=\"vertical-align: inherit;\"><span style=\"vertical-align: inherit;\">20,0 W<\/span><\/span><\/span><\/td>\n<\/tr>\n<tr>\n<td>Aporte<\/td>\n<td><span style=\"vertical-align: inherit;\"><span style=\"vertical-align: inherit;\"><span style=\"vertical-align: inherit;\"><span style=\"vertical-align: inherit;\"><span style=\"vertical-align: inherit;\">100V~240V 50\/60Hz 1.0A (M\u00e1x.)<\/span><\/span><\/span><\/span><\/span><\/td>\n<\/tr>\n<tr>\n<td>Producci\u00f3n<\/td>\n<td width=\"888\"><span style=\"vertical-align: inherit;\"><span style=\"vertical-align: inherit;\"><span style=\"vertical-align: inherit;\"><span style=\"vertical-align: inherit;\"><span style=\"vertical-align: inherit;\"><span style=\"vertical-align: inherit;\"><span style=\"vertical-align: inherit;\">5V\u23933A, 9V\u23932.22A (M\u00e1x. 20W)<\/span><\/span><\/span><\/span><\/span><\/span><\/span><\/td>\n<\/tr>\n<tr>\n<td>Protocolo de carga r\u00e1pida<\/td>\n<td><span style=\"vertical-align: inherit;\"><span style=\"vertical-align: inherit;\">BC1.2 \/ APPLE 2.4A \/ SAMSUNG 2A QC3.0 \/ QC2.0 \/ PD3.0 \/ PD2.0 \/ AFC \/ FCP \/ SCP \/ PE2.0 \/ PE1.1 \/ SFCP<\/span><\/span><\/td>\n<\/tr>\n<tr>\n<td>Normas de seguridad<\/td>\n<td><span style=\"vertical-align: inherit;\"><span style=\"vertical-align: inherit;\"><span style=\"vertical-align: inherit;\"><span style=\"vertical-align: inherit;\"><span style=\"vertical-align: inherit;\"><span style=\"vertical-align: inherit;\"><span style=\"vertical-align: inherit;\">EN 62368-1:2014 \/ A11:2017 IEC 62368-1:2014 \/ A11:2017 UL 62368-1:2014<\/span><\/span><\/span><\/span><\/span><\/span><\/span><\/td>\n<\/tr>\n<tr>\n<td>Tama\u00f1o del producto<\/td>\n<td><span style=\"vertical-align: inherit;\"><span style=\"vertical-align: inherit;\">101.75x38x38mm<\/span><\/span><\/td>\n<\/tr>\n<tr>\n<td>Embalaje minorista<\/td>\n<td>Caja bl\u00edster + Caja de color + Caja exterior<\/td>\n<\/tr>\n<\/tbody>\n<\/table>","protected":false},"excerpt":{"rendered":"<p><img decoding=\"async\" class=\"alignnone size-full wp-image-9312\" src=\"\/wp-content\/uploads\/product_info_imgs\/product01.png\" alt=\"\" width=\"15\" height=\"15\" \/>\u00a0 Al adoptar una soluci\u00f3n totalmente nueva y altamente integrada, logra una mayor eficiencia.<br \/>\n<img decoding=\"async\" class=\"alignnone size-full wp-image-9312\" src=\"\/wp-content\/uploads\/product_info_imgs\/product01.png\" alt=\"\" width=\"15\" height=\"15\" \/>\u00a0 Dise\u00f1o circular con un marcado sentido de la calidad y la individualidad.<br \/>\n<img decoding=\"async\" class=\"alignnone size-full wp-image-9312\" src=\"\/wp-content\/uploads\/product_info_imgs\/product01.png\" alt=\"\" width=\"15\" height=\"15\" \/>\u00a0 Cuatro capas de tecnolog\u00eda central garantizan una estricta seguridad de carga.<br \/>\n<img decoding=\"async\" class=\"alignnone size-full wp-image-9312\" src=\"\/wp-content\/uploads\/product_info_imgs\/product01.png\" alt=\"\" width=\"15\" height=\"15\" \/>\u00a0 Incorpora un dise\u00f1o de carga sin p\u00e9rdidas, pionero a nivel mundial y protegido por patente global.<br \/>\n<img decoding=\"async\" class=\"alignnone size-full wp-image-9312\" src=\"\/wp-content\/uploads\/product_info_imgs\/product01.png\" alt=\"\" width=\"15\" height=\"15\" \/>\u00a0 Exterior de silicona suave de primera calidad, respetuoso con la piel, resistente al desgaste y dise\u00f1ado para durar.<br \/>\n<img decoding=\"async\" class=\"alignnone size-full wp-image-9312\" src=\"\/wp-content\/uploads\/product_info_imgs\/product01.png\" alt=\"\" width=\"15\" height=\"15\" \/>\u00a0 Dise\u00f1o mini y port\u00e1til, con tan solo 38 mm de di\u00e1metro.<\/p>","protected":false},"featured_media":17267,"comment_status":"open","ping_status":"closed","template":"","meta":{"_acf_changed":false},"product_brand":[],"product_cat":[166,122,123,121],"product_tag":[126],"class_list":{"0":"post-16701","1":"product","2":"type-product","3":"status-publish","4":"has-post-thumbnail","6":"product_cat-ta3803","7":"product_cat-chargers","8":"product_cat-travel-chargers","9":"product_cat-products","10":"product_tag-20w","11":"pa_power-20w","13":"first","14":"instock","15":"taxable","16":"shipping-taxable","17":"purchasable","18":"product-type-variable","19":"has-default-attributes","20":"wvs-archive-product-wrapper"},"acf":[],"yoast_head":"<!-- This site is optimized with the Yoast SEO plugin v26.7 - https:\/\/yoast.com\/wordpress\/plugins\/seo\/ -->\n<title>TA3803-PD20W-Magnetic-to-Lightning Charging set For KR - 1edo mall<\/title>\n<meta name=\"description\" content=\"TA1104\" \/>\n<meta name=\"robots\" content=\"index, follow, max-snippet:-1, max-image-preview:large, max-video-preview:-1\" \/>\n<link rel=\"canonical\" href=\"https:\/\/www.1edo.com\/za\/product\/ta3803-pd20w-magnetic-to-lightning-charging-set-for-kr\/\" \/>\n<meta property=\"og:locale\" content=\"es_ES\" \/>\n<meta property=\"og:type\" content=\"article\" \/>\n<meta property=\"og:title\" content=\"TA3803-PD20W-Magnetic-to-Lightning Charging set For KR - 1edo mall\" \/>\n<meta property=\"og:description\" content=\"TA1104\" \/>\n<meta property=\"og:url\" content=\"https:\/\/www.1edo.com\/za\/product\/ta3803-pd20w-magnetic-to-lightning-charging-set-for-kr\/\" \/>\n<meta property=\"og:site_name\" content=\"1edo mall\" \/>\n<meta property=\"article:modified_time\" content=\"2026-04-01T03:10:15+00:00\" \/>\n<meta property=\"og:image\" content=\"https:\/\/www.1edo.com\/wp-content\/uploads\/2026\/02\/TA3801-30W-KR-Red-New-5.webp\" \/>\n\t<meta property=\"og:image:width\" content=\"1000\" \/>\n\t<meta property=\"og:image:height\" content=\"1000\" \/>\n\t<meta property=\"og:image:type\" content=\"image\/webp\" \/>\n<meta name=\"twitter:card\" content=\"summary_large_image\" \/>\n<script type=\"application\/ld+json\" class=\"yoast-schema-graph\">{\"@context\":\"https:\/\/schema.org\",\"@graph\":[{\"@type\":\"WebPage\",\"@id\":\"https:\/\/www.1edo.com\/za\/product\/ta3803-pd20w-magnetic-to-lightning-charging-set-for-kr\/\",\"url\":\"https:\/\/www.1edo.com\/za\/product\/ta3803-pd20w-magnetic-to-lightning-charging-set-for-kr\/\",\"name\":\"TA3803-PD20W-Magnetic-to-Lightning Charging set For KR - 1edo mall\",\"isPartOf\":{\"@id\":\"https:\/\/www.1edo.com\/fr-ch\/#website\"},\"primaryImageOfPage\":{\"@id\":\"https:\/\/www.1edo.com\/za\/product\/ta3803-pd20w-magnetic-to-lightning-charging-set-for-kr\/#primaryimage\"},\"image\":{\"@id\":\"https:\/\/www.1edo.com\/za\/product\/ta3803-pd20w-magnetic-to-lightning-charging-set-for-kr\/#primaryimage\"},\"thumbnailUrl\":\"https:\/\/1edo.com\/wp-content\/uploads\/2026\/02\/TA3801-30W-KR-Red-New-5.webp\",\"datePublished\":\"2026-01-24T11:08:35+00:00\",\"dateModified\":\"2026-04-01T03:10:15+00:00\",\"description\":\"TA1104\",\"breadcrumb\":{\"@id\":\"https:\/\/www.1edo.com\/za\/product\/ta3803-pd20w-magnetic-to-lightning-charging-set-for-kr\/#breadcrumb\"},\"inLanguage\":\"es\",\"potentialAction\":[{\"@type\":\"ReadAction\",\"target\":[\"https:\/\/www.1edo.com\/za\/product\/ta3803-pd20w-magnetic-to-lightning-charging-set-for-kr\/\"]}]},{\"@type\":\"ImageObject\",\"inLanguage\":\"es\",\"@id\":\"https:\/\/www.1edo.com\/za\/product\/ta3803-pd20w-magnetic-to-lightning-charging-set-for-kr\/#primaryimage\",\"url\":\"https:\/\/1edo.com\/wp-content\/uploads\/2026\/02\/TA3801-30W-KR-Red-New-5.webp\",\"contentUrl\":\"https:\/\/1edo.com\/wp-content\/uploads\/2026\/02\/TA3801-30W-KR-Red-New-5.webp\",\"width\":1000,\"height\":1000},{\"@type\":\"BreadcrumbList\",\"@id\":\"https:\/\/www.1edo.com\/za\/product\/ta3803-pd20w-magnetic-to-lightning-charging-set-for-kr\/#breadcrumb\",\"itemListElement\":[{\"@type\":\"ListItem\",\"position\":1,\"name\":\"Products\",\"item\":\"https:\/\/www.1edo.com\/za\/shop\/\"},{\"@type\":\"ListItem\",\"position\":2,\"name\":\"TA3803-PD20W-Magnetic-to-Lightning Charging set For KR\"}]},{\"@type\":\"WebSite\",\"@id\":\"https:\/\/www.1edo.com\/fr-ch\/#website\",\"url\":\"https:\/\/www.1edo.com\/fr-ch\/\",\"name\":\"1edo mall\",\"description\":\"1edo mall\",\"potentialAction\":[{\"@type\":\"SearchAction\",\"target\":{\"@type\":\"EntryPoint\",\"urlTemplate\":\"https:\/\/www.1edo.com\/fr-ch\/?s={search_term_string}\"},\"query-input\":{\"@type\":\"PropertyValueSpecification\",\"valueRequired\":true,\"valueName\":\"search_term_string\"}}],\"inLanguage\":\"es\"}]}<\/script>\n<!-- \/ Yoast SEO plugin. -->","yoast_head_json":{"title":"TA3803-PD20W-Magnetic-to-Lightning Charging set For KR - 1edo mall","description":"TA1104","robots":{"index":"index","follow":"follow","max-snippet":"max-snippet:-1","max-image-preview":"max-image-preview:large","max-video-preview":"max-video-preview:-1"},"canonical":"https:\/\/www.1edo.com\/za\/product\/ta3803-pd20w-magnetic-to-lightning-charging-set-for-kr\/","og_locale":"es_ES","og_type":"article","og_title":"TA3803-PD20W-Magnetic-to-Lightning Charging set For KR - 1edo mall","og_description":"TA1104","og_url":"https:\/\/www.1edo.com\/za\/product\/ta3803-pd20w-magnetic-to-lightning-charging-set-for-kr\/","og_site_name":"1edo mall","article_modified_time":"2026-04-01T03:10:15+00:00","og_image":[{"width":1000,"height":1000,"url":"https:\/\/www.1edo.com\/wp-content\/uploads\/2026\/02\/TA3801-30W-KR-Red-New-5.webp","type":"image\/webp"}],"twitter_card":"summary_large_image","schema":{"@context":"https:\/\/schema.org","@graph":[{"@type":"WebPage","@id":"https:\/\/www.1edo.com\/za\/product\/ta3803-pd20w-magnetic-to-lightning-charging-set-for-kr\/","url":"https:\/\/www.1edo.com\/za\/product\/ta3803-pd20w-magnetic-to-lightning-charging-set-for-kr\/","name":"TA3803-PD20W-Magnetic-to-Lightning Charging set For KR - 1edo mall","isPartOf":{"@id":"https:\/\/www.1edo.com\/fr-ch\/#website"},"primaryImageOfPage":{"@id":"https:\/\/www.1edo.com\/za\/product\/ta3803-pd20w-magnetic-to-lightning-charging-set-for-kr\/#primaryimage"},"image":{"@id":"https:\/\/www.1edo.com\/za\/product\/ta3803-pd20w-magnetic-to-lightning-charging-set-for-kr\/#primaryimage"},"thumbnailUrl":"https:\/\/1edo.com\/wp-content\/uploads\/2026\/02\/TA3801-30W-KR-Red-New-5.webp","datePublished":"2026-01-24T11:08:35+00:00","dateModified":"2026-04-01T03:10:15+00:00","description":"TA1104","breadcrumb":{"@id":"https:\/\/www.1edo.com\/za\/product\/ta3803-pd20w-magnetic-to-lightning-charging-set-for-kr\/#breadcrumb"},"inLanguage":"es","potentialAction":[{"@type":"ReadAction","target":["https:\/\/www.1edo.com\/za\/product\/ta3803-pd20w-magnetic-to-lightning-charging-set-for-kr\/"]}]},{"@type":"ImageObject","inLanguage":"es","@id":"https:\/\/www.1edo.com\/za\/product\/ta3803-pd20w-magnetic-to-lightning-charging-set-for-kr\/#primaryimage","url":"https:\/\/1edo.com\/wp-content\/uploads\/2026\/02\/TA3801-30W-KR-Red-New-5.webp","contentUrl":"https:\/\/1edo.com\/wp-content\/uploads\/2026\/02\/TA3801-30W-KR-Red-New-5.webp","width":1000,"height":1000},{"@type":"BreadcrumbList","@id":"https:\/\/www.1edo.com\/za\/product\/ta3803-pd20w-magnetic-to-lightning-charging-set-for-kr\/#breadcrumb","itemListElement":[{"@type":"ListItem","position":1,"name":"Products","item":"https:\/\/www.1edo.com\/za\/shop\/"},{"@type":"ListItem","position":2,"name":"TA3803-PD20W-Magnetic-to-Lightning Charging set For KR"}]},{"@type":"WebSite","@id":"https:\/\/www.1edo.com\/fr-ch\/#website","url":"https:\/\/www.1edo.com\/fr-ch\/","name":"Centro comercial 1edo","description":"Centro comercial 1edo","potentialAction":[{"@type":"SearchAction","target":{"@type":"EntryPoint","urlTemplate":"https:\/\/www.1edo.com\/fr-ch\/?s={search_term_string}"},"query-input":{"@type":"PropertyValueSpecification","valueRequired":true,"valueName":"search_term_string"}}],"inLanguage":"es"}]}},"_links":{"self":[{"href":"https:\/\/1edo.com\/es\/wp-json\/wp\/v2\/product\/16701","targetHints":{"allow":["GET"]}}],"collection":[{"href":"https:\/\/1edo.com\/es\/wp-json\/wp\/v2\/product"}],"about":[{"href":"https:\/\/1edo.com\/es\/wp-json\/wp\/v2\/types\/product"}],"replies":[{"embeddable":true,"href":"https:\/\/1edo.com\/es\/wp-json\/wp\/v2\/comments?post=16701"}],"version-history":[{"count":0,"href":"https:\/\/1edo.com\/es\/wp-json\/wp\/v2\/product\/16701\/revisions"}],"wp:featuredmedia":[{"embeddable":true,"href":"https:\/\/1edo.com\/es\/wp-json\/wp\/v2\/media\/17267"}],"wp:attachment":[{"href":"https:\/\/1edo.com\/es\/wp-json\/wp\/v2\/media?parent=16701"}],"wp:term":[{"taxonomy":"product_brand","embeddable":true,"href":"https:\/\/1edo.com\/es\/wp-json\/wp\/v2\/product_brand?post=16701"},{"taxonomy":"product_cat","embeddable":true,"href":"https:\/\/1edo.com\/es\/wp-json\/wp\/v2\/product_cat?post=16701"},{"taxonomy":"product_tag","embeddable":true,"href":"https:\/\/1edo.com\/es\/wp-json\/wp\/v2\/product_tag?post=16701"}],"curies":[{"name":"wp","href":"https:\/\/api.w.org\/{rel}","templated":true}]}}