



{"id":18243,"date":"2026-02-12T01:28:51","date_gmt":"2026-02-12T01:28:51","guid":{"rendered":"https:\/\/hk.1edo.com\/?post_type=product&#038;p=18243"},"modified":"2026-04-01T02:19:14","modified_gmt":"2026-04-01T02:19:14","slug":"ta3802-pd65w-magnetic-to-usb-c-charging-set-for-mx-tw","status":"publish","type":"product","link":"https:\/\/1edo.com\/se\/produkt\/ta3802-pd65w-magnetic-to-usb-c-charging-set-for-mx-tw\/","title":{"rendered":"TA3802 PD65W Magnetisk till USB-C laddningssats f\u00f6r MX-TW"},"content":{"rendered":"<table width=\"1080\">\n<tbody>\n<tr>\n<td width=\"192\">Modell<\/td>\n<td width=\"888\"><span style=\"vertical-align: inherit;\"><span style=\"vertical-align: inherit;\"><span style=\"vertical-align: inherit;\"><span style=\"vertical-align: inherit;\"><span style=\"vertical-align: inherit;\"><span style=\"vertical-align: inherit;\"><span style=\"vertical-align: inherit;\">TA3802.MX-TW<\/span><\/span><\/span><\/span><\/span><\/span><\/span><\/td>\n<\/tr>\n<tr>\n<td>F\u00e4rg<\/td>\n<td><span style=\"vertical-align: inherit;\"><span style=\"vertical-align: inherit;\">R\u00f6d\/Vit\/Gr\u00f6n\/Lila<\/span><\/span><\/td>\n<\/tr>\n<tr>\n<td>power<\/td>\n<td><span style=\"vertical-align: inherit;\"><span style=\"vertical-align: inherit;\"><span style=\"vertical-align: inherit;\">65,0 W<\/span><\/span><\/span><\/td>\n<\/tr>\n<tr>\n<td>Import<\/td>\n<td><span style=\"vertical-align: inherit;\">100V~240V 50\/60Hz 2,25A (Max)<\/span><\/td>\n<\/tr>\n<tr>\n<td>Produktion<\/td>\n<td width=\"888\">\u00a0(USB-C, PDO) 5,0 V\u2393 3,0 A, 9,0 V\u2393 3,0 A, 12,0 V\u2393 3,0 A, 15,0 V\u2393 3,0 A, 20,0 V\u2393 3,0 A (Max 65,0 W) (USB-C, PPS) 3,3\u201321,0 V\u2393 3,0 A (Max 65,0 W)<\/td>\n<\/tr>\n<tr>\n<td>Snabbladdningsprotokoll<\/td>\n<td><span style=\"vertical-align: inherit;\"><span style=\"vertical-align: inherit;\">BC1.2 \/ APPLE 2.4A \/ SAMSUNG 2A QC3.0 \/ QC2.0 \/ PD3.0 \/ PD2.0 \/ AFC \/ FCP \/ SCP \/ PE2.0 \/ PE1.1 \/ SFCP<\/span><\/span><\/td>\n<\/tr>\n<tr>\n<td>S\u00e4kerhetsstandarder<\/td>\n<td><span style=\"vertical-align: inherit;\"><span style=\"vertical-align: inherit;\"><span style=\"vertical-align: inherit;\"><span style=\"vertical-align: inherit;\"><span style=\"vertical-align: inherit;\"><span style=\"vertical-align: inherit;\"><span style=\"vertical-align: inherit;\">EN 62368-1:2014 \/ A11:2017 IEC 62368-1:2014 \/ A11:2017 UL 62368-1:2014<\/span><\/span><\/span><\/span><\/span><\/span><\/span><\/td>\n<\/tr>\n<tr>\n<td>Produktstorlek<\/td>\n<td><span style=\"vertical-align: inherit;\"><span style=\"vertical-align: inherit;\">82,99x42x42mm<\/span><\/span><\/td>\n<\/tr>\n<tr>\n<td>F\u00f6rpackningar f\u00f6r detaljhandeln<\/td>\n<td>Blisterf\u00f6rpackning + F\u00e4rgf\u00f6rpackning + ytterkartong<\/td>\n<\/tr>\n<\/tbody>\n<\/table>","protected":false},"excerpt":{"rendered":"<p><img decoding=\"async\" class=\"alignnone size-full wp-image-9312\" src=\"\/wp-content\/uploads\/product_info_imgs\/product01.png\" alt=\"\" width=\"15\" height=\"15\" \/>\u00a0 Genom att anv\u00e4nda en helt ny, h\u00f6gintegrerad l\u00f6sning uppn\u00e5s h\u00f6gre effektivitet.<br \/>\n<img decoding=\"async\" class=\"alignnone size-full wp-image-9312\" src=\"\/wp-content\/uploads\/product_info_imgs\/product01.png\" alt=\"\" width=\"15\" height=\"15\" \/>\u00a0 Cirkul\u00e4r design med en stark k\u00e4nsla f\u00f6r kvalitet och individualitet.<br \/>\n<img decoding=\"async\" class=\"alignnone size-full wp-image-9312\" src=\"\/wp-content\/uploads\/product_info_imgs\/product01.png\" alt=\"\" width=\"15\" height=\"15\" \/>\u00a0 Fyra lager av k\u00e4rnteknik s\u00e4kerst\u00e4ller strikt laddningss\u00e4kerhet.<br \/>\n<img decoding=\"async\" class=\"alignnone size-full wp-image-9312\" src=\"\/wp-content\/uploads\/product_info_imgs\/product01.png\" alt=\"\" width=\"15\" height=\"15\" \/>\u00a0 Har en v\u00e4rldsledande f\u00f6rlustfri laddningsdesign med globalt patentskydd.<br \/>\n<img decoding=\"async\" class=\"alignnone size-full wp-image-9312\" src=\"\/wp-content\/uploads\/product_info_imgs\/product01.png\" alt=\"\" width=\"15\" height=\"15\" \/>\u00a0 Premium mjuk silikonutsida som \u00e4r hudv\u00e4nlig, slitstark och byggd f\u00f6r att h\u00e5lla.<br \/>\n<img decoding=\"async\" class=\"alignnone size-full wp-image-9312\" src=\"\/wp-content\/uploads\/product_info_imgs\/product01.png\" alt=\"\" width=\"15\" height=\"15\" \/>\u00a0 Mini och b\u00e4rbar design, endast 42 mm i diameter.<\/p>","protected":false},"featured_media":15987,"comment_status":"open","ping_status":"closed","template":"","meta":{"_acf_changed":false},"product_brand":[],"product_cat":[155,122,165,123,121],"product_tag":[242],"class_list":{"0":"post-18243","1":"product","2":"type-product","3":"status-publish","4":"has-post-thumbnail","6":"product_cat-salet","7":"product_cat-chargers","8":"product_cat-ta3802","9":"product_cat-travel-chargers","10":"product_cat-products","11":"product_tag-65w","12":"pa_power-65w","14":"first","15":"instock","16":"taxable","17":"shipping-taxable","18":"purchasable","19":"product-type-variable","20":"has-default-attributes","21":"wvs-archive-product-wrapper"},"acf":[],"_links":{"self":[{"href":"https:\/\/1edo.com\/se\/wp-json\/wp\/v2\/product\/18243","targetHints":{"allow":["GET"]}}],"collection":[{"href":"https:\/\/1edo.com\/se\/wp-json\/wp\/v2\/product"}],"about":[{"href":"https:\/\/1edo.com\/se\/wp-json\/wp\/v2\/types\/product"}],"replies":[{"embeddable":true,"href":"https:\/\/1edo.com\/se\/wp-json\/wp\/v2\/comments?post=18243"}],"version-history":[{"count":0,"href":"https:\/\/1edo.com\/se\/wp-json\/wp\/v2\/product\/18243\/revisions"}],"wp:featuredmedia":[{"embeddable":true,"href":"https:\/\/1edo.com\/se\/wp-json\/wp\/v2\/media\/15987"}],"wp:attachment":[{"href":"https:\/\/1edo.com\/se\/wp-json\/wp\/v2\/media?parent=18243"}],"wp:term":[{"taxonomy":"product_brand","embeddable":true,"href":"https:\/\/1edo.com\/se\/wp-json\/wp\/v2\/product_brand?post=18243"},{"taxonomy":"product_cat","embeddable":true,"href":"https:\/\/1edo.com\/se\/wp-json\/wp\/v2\/product_cat?post=18243"},{"taxonomy":"product_tag","embeddable":true,"href":"https:\/\/1edo.com\/se\/wp-json\/wp\/v2\/product_tag?post=18243"}],"curies":[{"name":"wp","href":"https:\/\/api.w.org\/{rel}","templated":true}]}}